{"id":11,"date":"2025-05-31T15:30:53","date_gmt":"2025-05-31T18:30:53","guid":{"rendered":"https:\/\/brasil.wordcamp.org\/2025\/location\/"},"modified":"2025-11-28T08:54:56","modified_gmt":"2025-11-28T11:54:56","slug":"local","status":"publish","type":"page","link":"https:\/\/brasil.wordcamp.org\/2025\/local\/","title":{"rendered":"Localiza\u00e7\u00e3o"},"content":{"rendered":"\n<div class=\"wp-block-group alignfull is-style-section-1 has-global-padding is-layout-constrained wp-block-group-is-layout-constrained is-style-section-1--1\">\n<div class=\"wp-block-columns alignwide are-vertically-aligned-center is-layout-flex wp-container-core-columns-is-layout-71693221 wp-block-columns-is-layout-flex\" style=\"margin-top:0;margin-bottom:0\">\n<div class=\"wp-block-column is-vertically-aligned-center is-layout-flow wp-block-column-is-layout-flow\">\n<h1 class=\"wp-block-heading is-style-default has-accent-5-color has-text-color has-link-color has-x-large-font-size wp-elements-8376d99cef9672f95935447878001a63\">UERJ &#8211; Universidade do Estado do Rio de Janeiro<\/h1>\n\n\n\n<p class=\"wp-block-paragraph\">O WordCamp Brasil 2025 ser\u00e1 realizado na Universidade do Estado do Rio de Janeiro (UERJ), um espa\u00e7o acad\u00eamico reconhecido por fomentar inova\u00e7\u00e3o, pesquisa e tecnologia. <\/p>\n\n\n\n<p class=\"wp-block-paragraph\">O campus oferece estrutura completa para receber a comunidade WordPress em dois dias de palestras, workshops e networking. Assim como o evento, a UERJ \u00e9 um s\u00edmbolo de transforma\u00e7\u00e3o e aprendizado, conectando pessoas e ideias que seguem evoluindo ao longo do tempo.<\/p>\n\n\n\n<p class=\"wp-block-paragraph\">R. S\u00e3o Francisco Xavier, 524 &#8211; Maracan\u00e3, Rio de Janeiro<br>RJ, Rio de Janeiro CEP 20550-900<\/p>\n\n\n\n<p class=\"wp-block-paragraph\">Pr\u00e9dio principal &#8211; Pavilh\u00e3o Jo\u00e3o Lyra Filho &#8211; 7\u00b0 Andar<\/p>\n\n\n\n<div class=\"wp-block-buttons is-layout-flex wp-block-buttons-is-layout-flex\">\n<div class=\"wp-block-button\"><a class=\"wp-block-button__link wp-element-button\" href=\"https:\/\/brasil.wordcamp.org\/2025\/noticias\/guia-local-do-rio-durante-o-wordcamp-brasil-2025\">ACESSE O GUIA LOCAL<\/a><\/div>\n<\/div>\n<\/div>\n\n\n\n<div class=\"wp-block-column is-vertically-aligned-center is-layout-flow wp-block-column-is-layout-flow\">\n<figure class=\"wp-block-image size-full\"><img loading=\"lazy\" decoding=\"async\" width=\"558\" height=\"420\" src=\"https:\/\/brasil.wordcamp.org\/2025\/files\/2025\/09\/predio_uerj.png\" alt=\"Fachada lateral do edif\u00edcio da UERJ Maracan\u00e3\" class=\"wp-image-1872\" srcset=\"https:\/\/brasil.wordcamp.org\/2025\/files\/2025\/09\/predio_uerj.png 558w, https:\/\/brasil.wordcamp.org\/2025\/files\/2025\/09\/predio_uerj-300x226.png 300w, https:\/\/brasil.wordcamp.org\/2025\/files\/2025\/09\/predio_uerj-399x300.png 399w\" sizes=\"auto, (max-width: 558px) 100vw, 558px\" \/><\/figure>\n<\/div>\n<\/div>\n\n\n\n<div class=\"wp-block-columns alignwide has-accent-2-color has-text-color has-link-color wp-elements-1b34e2233696a4f49639bba3db1b1e15 is-layout-flex wp-container-core-columns-is-layout-794e3cfa wp-block-columns-is-layout-flex\">\n<div class=\"wp-block-column is-layout-flow wp-block-column-is-layout-flow\">\n<figure class=\"wp-block-image size-full is-style-rounded is-style-rounded--2\"><img loading=\"lazy\" decoding=\"async\" width=\"270\" height=\"270\" src=\"https:\/\/brasil.wordcamp.org\/2025\/files\/2025\/09\/local-auditorio.webp\" alt=\"\" class=\"wp-image-1873\" srcset=\"https:\/\/brasil.wordcamp.org\/2025\/files\/2025\/09\/local-auditorio.webp 270w, https:\/\/brasil.wordcamp.org\/2025\/files\/2025\/09\/local-auditorio-150x150.webp 150w\" sizes=\"auto, (max-width: 270px) 100vw, 270px\" \/><\/figure>\n\n\n\n<p class=\"has-text-align-center wp-block-paragraph\"><strong>Audit\u00f3rio 71 &#8211; 7\u00ba Andar<br><\/strong>(Palco principal)<\/p>\n<\/div>\n\n\n\n<div class=\"wp-block-column is-layout-flow wp-block-column-is-layout-flow\">\n<figure class=\"wp-block-image size-full is-style-rounded is-style-rounded--3\"><img loading=\"lazy\" decoding=\"async\" width=\"268\" height=\"269\" src=\"https:\/\/brasil.wordcamp.org\/2025\/files\/2025\/09\/local-sala-101.webp\" alt=\"\" class=\"wp-image-1874\" srcset=\"https:\/\/brasil.wordcamp.org\/2025\/files\/2025\/09\/local-sala-101.webp 268w, https:\/\/brasil.wordcamp.org\/2025\/files\/2025\/09\/local-sala-101-150x150.webp 150w\" sizes=\"auto, (max-width: 268px) 100vw, 268px\" \/><\/figure>\n\n\n\n<p class=\"has-text-align-center wp-block-paragraph\"><strong>Sala 2<\/strong><\/p>\n<\/div>\n\n\n\n<div class=\"wp-block-column is-layout-flow wp-block-column-is-layout-flow\">\n<figure class=\"wp-block-image size-full is-style-rounded is-style-rounded--4\"><img loading=\"lazy\" decoding=\"async\" width=\"270\" height=\"269\" src=\"https:\/\/brasil.wordcamp.org\/2025\/files\/2025\/09\/local-sala-123.webp\" alt=\"Sala 123\" class=\"wp-image-1876\" srcset=\"https:\/\/brasil.wordcamp.org\/2025\/files\/2025\/09\/local-sala-123.webp 270w, https:\/\/brasil.wordcamp.org\/2025\/files\/2025\/09\/local-sala-123-150x150.webp 150w\" sizes=\"auto, (max-width: 270px) 100vw, 270px\" \/><\/figure>\n\n\n\n<p class=\"has-text-align-center wp-block-paragraph\"><strong>Confraterniza\u00e7\u00e3o<\/strong><\/p>\n<\/div>\n\n\n\n<div class=\"wp-block-column is-layout-flow wp-block-column-is-layout-flow\">\n<figure class=\"wp-block-image size-full is-style-rounded is-style-rounded--5\"><img loading=\"lazy\" decoding=\"async\" width=\"270\" height=\"269\" src=\"https:\/\/brasil.wordcamp.org\/2025\/files\/2025\/09\/local-refeitorio.webp\" alt=\"\" class=\"wp-image-1877\" srcset=\"https:\/\/brasil.wordcamp.org\/2025\/files\/2025\/09\/local-refeitorio.webp 270w, https:\/\/brasil.wordcamp.org\/2025\/files\/2025\/09\/local-refeitorio-150x150.webp 150w\" sizes=\"auto, (max-width: 270px) 100vw, 270px\" \/><\/figure>\n\n\n\n<p class=\"has-text-align-center wp-block-paragraph\"><strong>Refeit\u00f3rio<\/strong><\/p>\n<\/div>\n<\/div>\n<\/div>\n","protected":false},"excerpt":{"rendered":"<p>UERJ &#8211; Universidade do Estado do Rio de Janeiro O WordCamp Brasil 2025 ser\u00e1 realizado na Universidade do Estado do Rio de Janeiro (UERJ), um espa\u00e7o acad\u00eamico reconhecido por fomentar inova\u00e7\u00e3o, pesquisa e tecnologia. O campus oferece estrutura completa para receber a comunidade WordPress em dois dias de palestras, workshops e networking. Assim como o [&hellip;]<\/p>\n","protected":false},"author":13917967,"featured_media":1637,"parent":0,"menu_order":3,"comment_status":"closed","ping_status":"closed","template":"t-tulo-com-hero","meta":{"_crdt_document":"","advanced_seo_description":"","jetpack_seo_html_title":"","jetpack_seo_noindex":false,"jetpack_post_was_ever_published":true,"footnotes":""},"class_list":["post-11","page","type-page","status-publish","has-post-thumbnail","hentry"],"jetpack_sharing_enabled":true,"_links":{"self":[{"href":"https:\/\/brasil.wordcamp.org\/2025\/wp-json\/wp\/v2\/pages\/11","targetHints":{"allow":["GET"]}}],"collection":[{"href":"https:\/\/brasil.wordcamp.org\/2025\/wp-json\/wp\/v2\/pages"}],"about":[{"href":"https:\/\/brasil.wordcamp.org\/2025\/wp-json\/wp\/v2\/types\/page"}],"author":[{"embeddable":true,"href":"https:\/\/brasil.wordcamp.org\/2025\/wp-json\/wp\/v2\/users\/13917967"}],"replies":[{"embeddable":true,"href":"https:\/\/brasil.wordcamp.org\/2025\/wp-json\/wp\/v2\/comments?post=11"}],"version-history":[{"count":33,"href":"https:\/\/brasil.wordcamp.org\/2025\/wp-json\/wp\/v2\/pages\/11\/revisions"}],"predecessor-version":[{"id":3837,"href":"https:\/\/brasil.wordcamp.org\/2025\/wp-json\/wp\/v2\/pages\/11\/revisions\/3837"}],"wp:featuredmedia":[{"embeddable":true,"href":"https:\/\/brasil.wordcamp.org\/2025\/wp-json\/wp\/v2\/media\/1637"}],"wp:attachment":[{"href":"https:\/\/brasil.wordcamp.org\/2025\/wp-json\/wp\/v2\/media?parent=11"}],"curies":[{"name":"wp","href":"https:\/\/api.w.org\/{rel}","templated":true}]}}