{"id":12,"date":"2025-05-31T15:30:53","date_gmt":"2025-05-31T18:30:53","guid":{"rendered":"https:\/\/brasil.wordcamp.org\/2025\/organizers\/"},"modified":"2025-11-27T14:35:42","modified_gmt":"2025-11-27T17:35:42","slug":"organizacao","status":"publish","type":"page","link":"https:\/\/brasil.wordcamp.org\/2025\/organizacao\/","title":{"rendered":"Organiza\u00e7\u00e3o"},"content":{"rendered":"\n<div class=\"wp-block-group alignfull is-style-section-1 has-global-padding is-layout-constrained wp-block-group-is-layout-constrained is-style-section-1--1\">\n<div class=\"wp-block-group wp-container-content-9d2aa341 is-vertical is-content-justification-center is-layout-flex wp-container-core-group-is-layout-c1b50741 wp-block-group-is-layout-flex\" style=\"margin-top:0;margin-bottom:var(--wp--preset--spacing--50)\">\n<h2 class=\"wp-block-heading has-text-align-center has-large-font-size\" style=\"text-transform:uppercase\">Lideran\u00e7a<\/h2>\n\n\n\n<figure class=\"wp-block-image aligncenter size-full\"><a href=\"https:\/\/brasil.wordcamp.org\/2025\/organizer\/guga-alves\/\"><img loading=\"lazy\" decoding=\"async\" width=\"270\" height=\"269\" src=\"https:\/\/brasil.wordcamp.org\/2025\/files\/2025\/10\/perfil-guga-alves.webp\" alt=\"Perfil de Guga Alves\" class=\"wp-image-2164\" style=\"object-fit:cover\" srcset=\"https:\/\/brasil.wordcamp.org\/2025\/files\/2025\/10\/perfil-guga-alves.webp 270w, https:\/\/brasil.wordcamp.org\/2025\/files\/2025\/10\/perfil-guga-alves-150x150.webp 150w\" sizes=\"auto, (max-width: 270px) 100vw, 270px\" \/><\/a><\/figure>\n\n\n\n<p class=\"has-text-align-center\"><strong>Guga Alves<\/strong><\/p>\n<\/div>\n<\/div>\n\n\n\n<div class=\"wp-block-group alignfull is-style-section-2 has-global-padding is-content-justification-center is-layout-constrained wp-block-group-is-layout-constrained is-style-section-2--2\" style=\"margin-top:0;margin-bottom:0\">\n<div class=\"wp-block-columns alignwide is-layout-flex wp-container-core-columns-is-layout-65e523f9 wp-block-columns-is-layout-flex\">\n<div class=\"wp-block-column is-layout-flow wp-block-column-is-layout-flow\" style=\"flex-basis:50%\">\n<h2 class=\"wp-block-heading has-text-align-center has-large-font-size\" style=\"text-transform:uppercase\">financeiro e Patroc\u00ednios<\/h2>\n\n\n\n<div class=\"wp-block-columns is-layout-flex wp-container-core-columns-is-layout-65e523f9 wp-block-columns-is-layout-flex\">\n<div class=\"wp-block-column is-layout-flow wp-block-column-is-layout-flow\">\n<div class=\"wp-block-group is-vertical is-content-justification-center is-layout-flex wp-container-core-group-is-layout-a5243eee wp-block-group-is-layout-flex\" style=\"margin-bottom:var(--wp--preset--spacing--80)\">\n<figure class=\"wp-block-image aligncenter size-full\"><a href=\"https:\/\/brasil.wordcamp.org\/2025\/organizer\/elton-aquino\/\"><img loading=\"lazy\" decoding=\"async\" width=\"270\" height=\"270\" src=\"https:\/\/brasil.wordcamp.org\/2025\/files\/2025\/10\/perfil-elton-aquino.png\" alt=\"Perfil de Elton Aquino\" class=\"wp-image-2156\" srcset=\"https:\/\/brasil.wordcamp.org\/2025\/files\/2025\/10\/perfil-elton-aquino.png 270w, https:\/\/brasil.wordcamp.org\/2025\/files\/2025\/10\/perfil-elton-aquino-150x150.png 150w\" sizes=\"auto, (max-width: 270px) 100vw, 270px\" \/><\/a><\/figure>\n\n\n\n<p class=\"has-text-align-center has-base-color has-text-color has-link-color wp-elements-a7475e4adbcca6043744ea8253f037a5\"><strong>Elton Aquino<\/strong><\/p>\n<\/div>\n<\/div>\n\n\n\n<div class=\"wp-block-column is-layout-flow wp-block-column-is-layout-flow\">\n<div class=\"wp-block-group is-vertical is-content-justification-center is-layout-flex wp-container-core-group-is-layout-a5243eee wp-block-group-is-layout-flex\" style=\"margin-bottom:var(--wp--preset--spacing--80)\">\n<figure class=\"wp-block-image aligncenter size-full\"><a href=\"https:\/\/brasil.wordcamp.org\/2025\/organizer\/eduardo-zulian\/\"><img loading=\"lazy\" decoding=\"async\" width=\"270\" height=\"270\" src=\"https:\/\/brasil.wordcamp.org\/2025\/files\/2025\/10\/perfil-eduardo-zulian.png\" alt=\"Perfil de Eduardo Zulian\" class=\"wp-image-2158\" srcset=\"https:\/\/brasil.wordcamp.org\/2025\/files\/2025\/10\/perfil-eduardo-zulian.png 270w, https:\/\/brasil.wordcamp.org\/2025\/files\/2025\/10\/perfil-eduardo-zulian-150x150.png 150w\" sizes=\"auto, (max-width: 270px) 100vw, 270px\" \/><\/a><\/figure>\n\n\n\n<p class=\"has-text-align-center has-base-color has-text-color has-link-color wp-elements-a522462ea1b49e2cb116b70e8b76651b\"><strong>Eduardo Zulian<\/strong><\/p>\n<\/div>\n<\/div>\n<\/div>\n<\/div>\n\n\n\n<div class=\"wp-block-column is-layout-flow wp-block-column-is-layout-flow\" style=\"flex-basis:25%\">\n<div class=\"wp-block-group wp-container-content-b04ba3db is-vertical is-content-justification-center is-layout-flex wp-container-core-group-is-layout-c3c351c4 wp-block-group-is-layout-flex\" style=\"margin-top:0;margin-bottom:var(--wp--preset--spacing--80)\">\n<h2 class=\"wp-block-heading has-text-align-center has-large-font-size\" style=\"text-transform:uppercase\">Hospitalidade<\/h2>\n\n\n\n<figure class=\"wp-block-image aligncenter size-full\"><a href=\"https:\/\/brasil.wordcamp.org\/2025\/organizer\/douglas-oliveira\/\"><img loading=\"lazy\" decoding=\"async\" width=\"516\" height=\"488\" src=\"https:\/\/brasil.wordcamp.org\/2025\/files\/2025\/11\/d22.jpg\" alt=\"\" class=\"wp-image-3108\" srcset=\"https:\/\/brasil.wordcamp.org\/2025\/files\/2025\/11\/d22.jpg 516w, https:\/\/brasil.wordcamp.org\/2025\/files\/2025\/11\/d22-300x284.jpg 300w, https:\/\/brasil.wordcamp.org\/2025\/files\/2025\/11\/d22-317x300.jpg 317w\" sizes=\"auto, (max-width: 516px) 100vw, 516px\" \/><\/a><\/figure>\n\n\n\n<p class=\"has-text-align-center has-base-color has-text-color has-link-color wp-elements-70fc8bf89b9671171eeaa8a83cb06ffa\"><strong>Douglas Oliveira<\/strong><\/p>\n<\/div>\n<\/div>\n\n\n\n<div class=\"wp-block-column is-layout-flow wp-block-column-is-layout-flow\" style=\"flex-basis:25%\">\n<div class=\"wp-block-group is-vertical is-content-justification-center is-layout-flex wp-container-core-group-is-layout-c3c351c4 wp-block-group-is-layout-flex\" style=\"margin-top:0;margin-bottom:var(--wp--preset--spacing--80)\">\n<h2 class=\"wp-block-heading has-text-align-center has-large-font-size\" style=\"text-transform:uppercase\">Comunica\u00e7\u00e3o<\/h2>\n\n\n\n<figure class=\"wp-block-image aligncenter size-full\"><a href=\"https:\/\/brasil.wordcamp.org\/2025\/organizer\/sandra-peres\/\"><img loading=\"lazy\" decoding=\"async\" width=\"270\" height=\"270\" src=\"https:\/\/brasil.wordcamp.org\/2025\/files\/2025\/10\/perfil-sandra-peres.png\" alt=\"Perfil de Sandra Peres\" class=\"wp-image-2163\" style=\"aspect-ratio:1;object-fit:cover\" srcset=\"https:\/\/brasil.wordcamp.org\/2025\/files\/2025\/10\/perfil-sandra-peres.png 270w, https:\/\/brasil.wordcamp.org\/2025\/files\/2025\/10\/perfil-sandra-peres-150x150.png 150w\" sizes=\"auto, (max-width: 270px) 100vw, 270px\" \/><\/a><\/figure>\n\n\n\n<p class=\"has-text-align-center has-base-color has-text-color has-link-color wp-elements-1bfde14575f6abe00568d92c0bc95948\"><strong>Sandra Peres<\/strong><\/p>\n<\/div>\n<\/div>\n<\/div>\n\n\n\n<div class=\"wp-block-columns alignwide is-layout-flex wp-container-core-columns-is-layout-65e523f9 wp-block-columns-is-layout-flex\">\n<div class=\"wp-block-column is-layout-flow wp-block-column-is-layout-flow\" style=\"flex-basis:25%\">\n<div class=\"wp-block-group is-vertical is-content-justification-center is-layout-flex wp-container-core-group-is-layout-7b659186 wp-block-group-is-layout-flex\" style=\"margin-bottom:var(--wp--preset--spacing--80)\">\n<h2 class=\"wp-block-heading has-text-align-center has-large-font-size\" style=\"text-transform:uppercase\">DESIGN<\/h2>\n\n\n\n<figure class=\"wp-block-image aligncenter size-full\"><a href=\"https:\/\/brasil.wordcamp.org\/2025\/organizer\/cristianoweb\/\"><img loading=\"lazy\" decoding=\"async\" width=\"270\" height=\"270\" src=\"https:\/\/brasil.wordcamp.org\/2025\/files\/2025\/10\/perfil-cristiano-ramos.png\" alt=\"Perfil de Cristiano Santos\" class=\"wp-image-2159\" srcset=\"https:\/\/brasil.wordcamp.org\/2025\/files\/2025\/10\/perfil-cristiano-ramos.png 270w, https:\/\/brasil.wordcamp.org\/2025\/files\/2025\/10\/perfil-cristiano-ramos-150x150.png 150w\" sizes=\"auto, (max-width: 270px) 100vw, 270px\" \/><\/a><\/figure>\n\n\n\n<p class=\"has-text-align-center has-base-color has-text-color has-link-color wp-elements-3381a84432fbccda7d7f3d60606e473b\"><strong>@cristianoweb<\/strong><\/p>\n<\/div>\n<\/div>\n\n\n\n<div class=\"wp-block-column is-layout-flow wp-block-column-is-layout-flow\" style=\"flex-basis:75%\">\n<h2 class=\"wp-block-heading has-text-align-center has-large-font-size\">DESENVOLVIMENTO<\/h2>\n\n\n\n<div class=\"wp-block-columns is-layout-flex wp-container-core-columns-is-layout-ea69a204 wp-block-columns-is-layout-flex\">\n<div class=\"wp-block-column is-layout-flow wp-block-column-is-layout-flow\">\n<div class=\"wp-block-group is-vertical is-content-justification-center is-layout-flex wp-container-core-group-is-layout-c3c351c4 wp-block-group-is-layout-flex\" style=\"margin-top:0;margin-bottom:var(--wp--preset--spacing--80)\">\n<figure class=\"wp-block-image size-full\" style=\"text-transform:uppercase\"><a href=\"https:\/\/brasil.wordcamp.org\/2025\/organizer\/hansmosl\/\"><img loading=\"lazy\" decoding=\"async\" width=\"270\" height=\"270\" src=\"https:\/\/brasil.wordcamp.org\/2025\/files\/2025\/10\/perfil-hansmosl.png\" alt=\"Perfil de Hans M\u00f6sl\" class=\"wp-image-2160\" srcset=\"https:\/\/brasil.wordcamp.org\/2025\/files\/2025\/10\/perfil-hansmosl.png 270w, https:\/\/brasil.wordcamp.org\/2025\/files\/2025\/10\/perfil-hansmosl-150x150.png 150w\" sizes=\"auto, (max-width: 270px) 100vw, 270px\" \/><\/a><\/figure>\n\n\n\n<p class=\"has-text-align-center has-base-color has-text-color\"><strong>Hans M\u00f6sl<\/strong><\/p>\n<\/div>\n<\/div>\n\n\n\n<div class=\"wp-block-column is-layout-flow wp-block-column-is-layout-flow\">\n<div class=\"wp-block-group is-vertical is-content-justification-center is-layout-flex wp-container-core-group-is-layout-c3c351c4 wp-block-group-is-layout-flex\" style=\"margin-top:0;margin-bottom:var(--wp--preset--spacing--80)\">\n<figure class=\"wp-block-image size-full\" style=\"text-transform:uppercase\"><a href=\"https:\/\/brasil.wordcamp.org\/2025\/organizer\/rodrigo-donini\/\"><img loading=\"lazy\" decoding=\"async\" width=\"270\" height=\"270\" src=\"https:\/\/brasil.wordcamp.org\/2025\/files\/2025\/10\/perfil-rodrigo-donini.png\" alt=\"Rodrigo Donini\" class=\"wp-image-2162\" srcset=\"https:\/\/brasil.wordcamp.org\/2025\/files\/2025\/10\/perfil-rodrigo-donini.png 270w, https:\/\/brasil.wordcamp.org\/2025\/files\/2025\/10\/perfil-rodrigo-donini-150x150.png 150w\" sizes=\"auto, (max-width: 270px) 100vw, 270px\" \/><\/a><\/figure>\n\n\n\n<p class=\"has-text-align-center has-base-color has-text-color\"><strong>Rodrigo Donini<\/strong><\/p>\n<\/div>\n<\/div>\n\n\n\n<div class=\"wp-block-column is-layout-flow wp-block-column-is-layout-flow\">\n<div class=\"wp-block-group is-vertical is-content-justification-center is-layout-flex wp-container-core-group-is-layout-c3c351c4 wp-block-group-is-layout-flex\" style=\"margin-top:0;margin-bottom:var(--wp--preset--spacing--80)\">\n<figure class=\"wp-block-image size-full\" style=\"text-transform:uppercase\"><a href=\"https:\/\/brasil.wordcamp.org\/2025\/organizer\/ricardo-filipo\/\"><img loading=\"lazy\" decoding=\"async\" width=\"270\" height=\"270\" src=\"https:\/\/brasil.wordcamp.org\/2025\/files\/2025\/10\/perfil-ricardo-filipo.png\" alt=\"Ricardo Filipo\" class=\"wp-image-2161\" srcset=\"https:\/\/brasil.wordcamp.org\/2025\/files\/2025\/10\/perfil-ricardo-filipo.png 270w, https:\/\/brasil.wordcamp.org\/2025\/files\/2025\/10\/perfil-ricardo-filipo-150x150.png 150w\" sizes=\"auto, (max-width: 270px) 100vw, 270px\" \/><\/a><\/figure>\n\n\n\n<p class=\"has-text-align-center has-base-color has-text-color\"><strong>Ricardo Filipo<\/strong><\/p>\n<\/div>\n<\/div>\n<\/div>\n<\/div>\n<\/div>\n\n\n\n<div class=\"wp-block-group is-vertical is-content-justification-center is-layout-flex wp-container-core-group-is-layout-7b659186 wp-block-group-is-layout-flex\" style=\"margin-bottom:var(--wp--preset--spacing--80)\">\n<h2 class=\"wp-block-heading has-text-align-center has-large-font-size\" style=\"text-transform:uppercase\">ORGANICA\u00e7\u00e3O DE volunt\u00e1rios<\/h2>\n\n\n\n<figure class=\"wp-block-image aligncenter size-medium\"><a href=\"https:\/\/brasil.wordcamp.org\/2025\/organizer\/marco-andrei-kichalowsky\/\"><img loading=\"lazy\" decoding=\"async\" width=\"300\" height=\"300\" src=\"https:\/\/brasil.wordcamp.org\/2025\/files\/2025\/10\/marcoandrei_2024_1330x1330px-300x300.jpg\" alt=\"\" class=\"wp-image-2345\" srcset=\"https:\/\/brasil.wordcamp.org\/2025\/files\/2025\/10\/marcoandrei_2024_1330x1330px-300x300.jpg 300w, https:\/\/brasil.wordcamp.org\/2025\/files\/2025\/10\/marcoandrei_2024_1330x1330px-1024x1024.jpg 1024w, https:\/\/brasil.wordcamp.org\/2025\/files\/2025\/10\/marcoandrei_2024_1330x1330px-150x150.jpg 150w, https:\/\/brasil.wordcamp.org\/2025\/files\/2025\/10\/marcoandrei_2024_1330x1330px-768x768.jpg 768w, https:\/\/brasil.wordcamp.org\/2025\/files\/2025\/10\/marcoandrei_2024_1330x1330px.jpg 1334w\" sizes=\"auto, (max-width: 300px) 100vw, 300px\" \/><\/a><\/figure>\n\n\n\n<p class=\"has-text-align-center has-base-color has-text-color has-link-color wp-elements-599446340bebe4eeb0e8facf78bb7d04\"><strong>Marco Andrei Kichalowsky <\/strong><\/p>\n<\/div>\n<\/div>\n\n\n\n<div class=\"wp-block-group alignfull is-style-section-1 has-global-padding is-layout-constrained wp-block-group-is-layout-constrained is-style-section-1--3\" id=\"voluntarios\" style=\"margin-top:0;margin-bottom:0\">\n<h2 class=\"wp-block-heading has-text-align-center is-style-text-display is-style-text-display--4\">Volunt\u00e1rios<\/h2>\n\n\n\n<div class=\"wp-block-columns alignwide is-layout-flex wp-container-core-columns-is-layout-ea69a204 wp-block-columns-is-layout-flex\">\n<div class=\"wp-block-column is-layout-flow wp-block-column-is-layout-flow\">\n<figure class=\"wp-block-image aligncenter size-full is-resized is-style-rounded is-style-rounded--5\"><img loading=\"lazy\" decoding=\"async\" width=\"512\" height=\"512\" src=\"https:\/\/brasil.wordcamp.org\/2025\/files\/2025\/11\/amanda.png\" alt=\"Amanda Cardoso\" class=\"wp-image-3781\" style=\"width:250px\" srcset=\"https:\/\/brasil.wordcamp.org\/2025\/files\/2025\/11\/amanda.png 512w, https:\/\/brasil.wordcamp.org\/2025\/files\/2025\/11\/amanda-300x300.png 300w, https:\/\/brasil.wordcamp.org\/2025\/files\/2025\/11\/amanda-150x150.png 150w\" sizes=\"auto, (max-width: 512px) 100vw, 512px\" \/><figcaption class=\"wp-element-caption\">Amanda Cardoso<\/figcaption><\/figure>\n<\/div>\n\n\n\n<div class=\"wp-block-column is-layout-flow wp-block-column-is-layout-flow\">\n<figure class=\"wp-block-image aligncenter size-full is-resized is-style-rounded is-style-rounded--6\"><img loading=\"lazy\" decoding=\"async\" width=\"512\" height=\"512\" src=\"https:\/\/brasil.wordcamp.org\/2025\/files\/2025\/11\/voluntario-andre-ranulfo.png\" alt=\"Andr\u00e9 Ranulfo\" class=\"wp-image-3822\" style=\"aspect-ratio:1;object-fit:cover;width:250px\" srcset=\"https:\/\/brasil.wordcamp.org\/2025\/files\/2025\/11\/voluntario-andre-ranulfo.png 512w, https:\/\/brasil.wordcamp.org\/2025\/files\/2025\/11\/voluntario-andre-ranulfo-300x300.png 300w, https:\/\/brasil.wordcamp.org\/2025\/files\/2025\/11\/voluntario-andre-ranulfo-150x150.png 150w\" sizes=\"auto, (max-width: 512px) 100vw, 512px\" \/><figcaption class=\"wp-element-caption\">Andr\u00e9 Ranulfo<\/figcaption><\/figure>\n<\/div>\n\n\n\n<div class=\"wp-block-column is-layout-flow wp-block-column-is-layout-flow\">\n<figure class=\"wp-block-image aligncenter size-full is-resized is-style-rounded is-style-rounded--7\"><img loading=\"lazy\" decoding=\"async\" width=\"300\" height=\"300\" src=\"https:\/\/brasil.wordcamp.org\/2025\/files\/2025\/11\/voluntario-caio-ferreira.webp\" alt=\"Caio Ferreira\" class=\"wp-image-3690\" style=\"aspect-ratio:1;object-fit:cover;width:250px\" srcset=\"https:\/\/brasil.wordcamp.org\/2025\/files\/2025\/11\/voluntario-caio-ferreira.webp 300w, https:\/\/brasil.wordcamp.org\/2025\/files\/2025\/11\/voluntario-caio-ferreira-150x150.webp 150w\" sizes=\"auto, (max-width: 300px) 100vw, 300px\" \/><figcaption class=\"wp-element-caption\">Caio Ferreira<\/figcaption><\/figure>\n<\/div>\n\n\n\n<div class=\"wp-block-column is-layout-flow wp-block-column-is-layout-flow\">\n<figure class=\"wp-block-image aligncenter size-full is-resized is-style-rounded is-style-rounded--8\"><img loading=\"lazy\" decoding=\"async\" width=\"300\" height=\"300\" src=\"https:\/\/brasil.wordcamp.org\/2025\/files\/2025\/11\/voluntaria-dafiny.webp\" alt=\"Dafiny Silva Vitoriano de Carvalho\" class=\"wp-image-3686\" style=\"aspect-ratio:1;object-fit:cover;width:250px\" srcset=\"https:\/\/brasil.wordcamp.org\/2025\/files\/2025\/11\/voluntaria-dafiny.webp 300w, https:\/\/brasil.wordcamp.org\/2025\/files\/2025\/11\/voluntaria-dafiny-150x150.webp 150w\" sizes=\"auto, (max-width: 300px) 100vw, 300px\" \/><figcaption class=\"wp-element-caption\">Dafiny Silva<\/figcaption><\/figure>\n<\/div>\n\n\n\n<div class=\"wp-block-column is-layout-flow wp-block-column-is-layout-flow\">\n<figure class=\"wp-block-image aligncenter size-full is-resized is-style-rounded is-style-rounded--9\"><img loading=\"lazy\" decoding=\"async\" width=\"512\" height=\"512\" src=\"https:\/\/brasil.wordcamp.org\/2025\/files\/2025\/11\/voluntario-daniel-peres.webp\" alt=\"Daniel Peres\" class=\"wp-image-3809\" style=\"aspect-ratio:1;object-fit:cover;width:250px\" srcset=\"https:\/\/brasil.wordcamp.org\/2025\/files\/2025\/11\/voluntario-daniel-peres.webp 512w, https:\/\/brasil.wordcamp.org\/2025\/files\/2025\/11\/voluntario-daniel-peres-300x300.webp 300w, https:\/\/brasil.wordcamp.org\/2025\/files\/2025\/11\/voluntario-daniel-peres-150x150.webp 150w\" sizes=\"auto, (max-width: 512px) 100vw, 512px\" \/><figcaption class=\"wp-element-caption\">Daniel Peres<\/figcaption><\/figure>\n<\/div>\n<\/div>\n\n\n\n<div class=\"wp-block-columns alignwide is-layout-flex wp-container-core-columns-is-layout-ea69a204 wp-block-columns-is-layout-flex\">\n<div class=\"wp-block-column is-layout-flow wp-block-column-is-layout-flow\">\n<figure class=\"wp-block-image aligncenter size-full is-resized is-style-rounded is-style-rounded--10\"><img loading=\"lazy\" decoding=\"async\" width=\"300\" height=\"300\" src=\"https:\/\/brasil.wordcamp.org\/2025\/files\/2025\/11\/voluntaria-leandra.webp\" alt=\"Leandra Machado\" class=\"wp-image-3687\" style=\"aspect-ratio:1;object-fit:cover;width:250px\" srcset=\"https:\/\/brasil.wordcamp.org\/2025\/files\/2025\/11\/voluntaria-leandra.webp 300w, https:\/\/brasil.wordcamp.org\/2025\/files\/2025\/11\/voluntaria-leandra-150x150.webp 150w\" sizes=\"auto, (max-width: 300px) 100vw, 300px\" \/><figcaption class=\"wp-element-caption\">Leandra Machado<\/figcaption><\/figure>\n<\/div>\n\n\n\n<div class=\"wp-block-column is-layout-flow wp-block-column-is-layout-flow\">\n<figure class=\"wp-block-image aligncenter size-full is-resized is-style-rounded is-style-rounded--11\"><img loading=\"lazy\" decoding=\"async\" width=\"512\" height=\"512\" src=\"https:\/\/brasil.wordcamp.org\/2025\/files\/2025\/11\/mariana.jpg\" alt=\"Mariana Mel.T.\" class=\"wp-image-3787\" style=\"aspect-ratio:1;object-fit:cover;width:250px\" srcset=\"https:\/\/brasil.wordcamp.org\/2025\/files\/2025\/11\/mariana.jpg 512w, https:\/\/brasil.wordcamp.org\/2025\/files\/2025\/11\/mariana-300x300.jpg 300w, https:\/\/brasil.wordcamp.org\/2025\/files\/2025\/11\/mariana-150x150.jpg 150w\" sizes=\"auto, (max-width: 512px) 100vw, 512px\" \/><figcaption class=\"wp-element-caption\">Mariana Mel.T.<\/figcaption><\/figure>\n<\/div>\n\n\n\n<div class=\"wp-block-column is-layout-flow wp-block-column-is-layout-flow\">\n<figure class=\"wp-block-image aligncenter size-full is-resized is-style-rounded is-style-rounded--12\"><img loading=\"lazy\" decoding=\"async\" width=\"300\" height=\"300\" src=\"https:\/\/brasil.wordcamp.org\/2025\/files\/2025\/11\/voluntario-pedro-dreyer.webp\" alt=\"Paulo Dreyer\" class=\"wp-image-3691\" style=\"aspect-ratio:1;object-fit:cover;width:250px\" srcset=\"https:\/\/brasil.wordcamp.org\/2025\/files\/2025\/11\/voluntario-pedro-dreyer.webp 300w, https:\/\/brasil.wordcamp.org\/2025\/files\/2025\/11\/voluntario-pedro-dreyer-150x150.webp 150w\" sizes=\"auto, (max-width: 300px) 100vw, 300px\" \/><figcaption class=\"wp-element-caption\">Paulo Dreyer<\/figcaption><\/figure>\n<\/div>\n\n\n\n<div class=\"wp-block-column is-layout-flow wp-block-column-is-layout-flow\">\n<figure class=\"wp-block-image aligncenter size-full is-resized is-style-rounded is-style-rounded--13\"><img loading=\"lazy\" decoding=\"async\" width=\"300\" height=\"300\" src=\"https:\/\/brasil.wordcamp.org\/2025\/files\/2025\/11\/thais-de-lima.webp\" alt=\"Tha\u00eds de Lima\" class=\"wp-image-3810\" style=\"aspect-ratio:1;object-fit:cover;width:250px\" srcset=\"https:\/\/brasil.wordcamp.org\/2025\/files\/2025\/11\/thais-de-lima.webp 300w, https:\/\/brasil.wordcamp.org\/2025\/files\/2025\/11\/thais-de-lima-150x150.webp 150w\" sizes=\"auto, (max-width: 300px) 100vw, 300px\" \/><figcaption class=\"wp-element-caption\">Tha\u00eds de Lima<\/figcaption><\/figure>\n<\/div>\n\n\n\n<div class=\"wp-block-column is-layout-flow wp-block-column-is-layout-flow\">\n<figure class=\"wp-block-image aligncenter size-full is-resized is-style-rounded is-style-rounded--14\"><img loading=\"lazy\" decoding=\"async\" width=\"300\" height=\"300\" src=\"https:\/\/brasil.wordcamp.org\/2025\/files\/2025\/11\/voluntaria-thereza.webp\" alt=\"Thereza Karolina\" class=\"wp-image-3688\" style=\"aspect-ratio:1;object-fit:cover;width:250px\" srcset=\"https:\/\/brasil.wordcamp.org\/2025\/files\/2025\/11\/voluntaria-thereza.webp 300w, https:\/\/brasil.wordcamp.org\/2025\/files\/2025\/11\/voluntaria-thereza-150x150.webp 150w\" sizes=\"auto, (max-width: 300px) 100vw, 300px\" \/><figcaption class=\"wp-element-caption\">Thereza Karolina<\/figcaption><\/figure>\n<\/div>\n<\/div>\n<\/div>\n","protected":false},"excerpt":{"rendered":"<p>Lideran\u00e7a Guga Alves financeiro e Patroc\u00ednios Elton Aquino Eduardo Zulian Hospitalidade Douglas Oliveira Comunica\u00e7\u00e3o Sandra Peres DESIGN @cristianoweb DESENVOLVIMENTO Hans M\u00f6sl Rodrigo Donini Ricardo Filipo ORGANICA\u00e7\u00e3O DE volunt\u00e1rios Marco Andrei Kichalowsky Volunt\u00e1rios<\/p>\n","protected":false},"author":6896930,"featured_media":3015,"parent":0,"menu_order":5,"comment_status":"closed","ping_status":"closed","template":"t-tulo-com-hero","meta":{"advanced_seo_description":"","jetpack_seo_html_title":"","jetpack_seo_noindex":false,"jetpack_post_was_ever_published":false,"footnotes":""},"class_list":["post-12","page","type-page","status-publish","has-post-thumbnail","hentry"],"jetpack_sharing_enabled":true,"_links":{"self":[{"href":"https:\/\/brasil.wordcamp.org\/2025\/wp-json\/wp\/v2\/pages\/12","targetHints":{"allow":["GET"]}}],"collection":[{"href":"https:\/\/brasil.wordcamp.org\/2025\/wp-json\/wp\/v2\/pages"}],"about":[{"href":"https:\/\/brasil.wordcamp.org\/2025\/wp-json\/wp\/v2\/types\/page"}],"author":[{"embeddable":true,"href":"https:\/\/brasil.wordcamp.org\/2025\/wp-json\/wp\/v2\/users\/6896930"}],"replies":[{"embeddable":true,"href":"https:\/\/brasil.wordcamp.org\/2025\/wp-json\/wp\/v2\/comments?post=12"}],"version-history":[{"count":75,"href":"https:\/\/brasil.wordcamp.org\/2025\/wp-json\/wp\/v2\/pages\/12\/revisions"}],"predecessor-version":[{"id":3824,"href":"https:\/\/brasil.wordcamp.org\/2025\/wp-json\/wp\/v2\/pages\/12\/revisions\/3824"}],"wp:featuredmedia":[{"embeddable":true,"href":"https:\/\/brasil.wordcamp.org\/2025\/wp-json\/wp\/v2\/media\/3015"}],"wp:attachment":[{"href":"https:\/\/brasil.wordcamp.org\/2025\/wp-json\/wp\/v2\/media?parent=12"}],"curies":[{"name":"wp","href":"https:\/\/api.w.org\/{rel}","templated":true}]}}