{"id":13,"date":"2025-09-08T15:50:54","date_gmt":"2025-09-08T18:50:54","guid":{"rendered":"https:\/\/brasil.wordcamp.org\/2025\/?page_id=13"},"modified":"2025-11-28T09:42:48","modified_gmt":"2025-11-28T12:42:48","slug":"ingressos","status":"publish","type":"page","link":"https:\/\/brasil.wordcamp.org\/2025\/ingressos\/","title":{"rendered":"Ingressos"},"content":{"rendered":"\n<p><\/p>\n\n\n\n<p><strong>Aten\u00e7\u00e3o:<\/strong> O valor do ingresso j\u00e1 contempla o almo\u00e7o no restaurante universit\u00e1rio e coffee break oferecido durante o evento, e \u00e9 v\u00e1lido para os dois dias do evento! \ud83c\udf89<\/p>\n\n\n<a href=\"https:\/\/brasil.wordcamp.org\/2025\/ingressos\/\">Please view this page in a browser to purchase or manage tickets.<\/a>\n\n\n\n<p><s>Empresas interessadas em patrocinar o evento podem ver os <a href=\"https:\/\/brasil.wordcamp.org\/2025\/seja-patrocinador\/\" target=\"_blank\" rel=\"noreferrer noopener\">planos de patrocinio dispon\u00edveis aqui<\/a>.<\/s><\/p>\n","protected":false},"excerpt":{"rendered":"<p>Garanta seu ingresso para o WordCamp Brasil 2025.<\/p>\n","protected":false},"author":6896930,"featured_media":1908,"parent":0,"menu_order":11,"comment_status":"closed","ping_status":"closed","template":"t-tulo-com-hero","meta":{"advanced_seo_description":"","jetpack_seo_html_title":"","jetpack_seo_noindex":false,"jetpack_post_was_ever_published":true,"footnotes":""},"class_list":["post-13","page","type-page","status-publish","has-post-thumbnail","hentry"],"jetpack_sharing_enabled":true,"_links":{"self":[{"href":"https:\/\/brasil.wordcamp.org\/2025\/wp-json\/wp\/v2\/pages\/13","targetHints":{"allow":["GET"]}}],"collection":[{"href":"https:\/\/brasil.wordcamp.org\/2025\/wp-json\/wp\/v2\/pages"}],"about":[{"href":"https:\/\/brasil.wordcamp.org\/2025\/wp-json\/wp\/v2\/types\/page"}],"author":[{"embeddable":true,"href":"https:\/\/brasil.wordcamp.org\/2025\/wp-json\/wp\/v2\/users\/6896930"}],"replies":[{"embeddable":true,"href":"https:\/\/brasil.wordcamp.org\/2025\/wp-json\/wp\/v2\/comments?post=13"}],"version-history":[{"count":18,"href":"https:\/\/brasil.wordcamp.org\/2025\/wp-json\/wp\/v2\/pages\/13\/revisions"}],"predecessor-version":[{"id":3844,"href":"https:\/\/brasil.wordcamp.org\/2025\/wp-json\/wp\/v2\/pages\/13\/revisions\/3844"}],"wp:featuredmedia":[{"embeddable":true,"href":"https:\/\/brasil.wordcamp.org\/2025\/wp-json\/wp\/v2\/media\/1908"}],"wp:attachment":[{"href":"https:\/\/brasil.wordcamp.org\/2025\/wp-json\/wp\/v2\/media?parent=13"}],"curies":[{"name":"wp","href":"https:\/\/api.w.org\/{rel}","templated":true}]}}