{"id":1550,"date":"2025-09-19T12:53:52","date_gmt":"2025-09-19T15:53:52","guid":{"rendered":"https:\/\/brasil.wordcamp.org\/2025\/?page_id=1550"},"modified":"2025-11-14T12:47:47","modified_gmt":"2025-11-14T15:47:47","slug":"seja-patrocinador","status":"publish","type":"page","link":"https:\/\/brasil.wordcamp.org\/2025\/seja-patrocinador\/","title":{"rendered":"Seja um patrocinador"},"content":{"rendered":"\n<div class=\"wp-block-group alignfull is-style-section-1 has-global-padding is-layout-constrained wp-container-core-group-is-layout-346627ba wp-block-group-is-layout-constrained is-style-section-1--1\">\n<p class=\"has-base-background-color has-background has-medium-font-size\">O formul\u00e1rio para patroc\u00ednios foi encerrado. Nossos mais sinceros agradecimentos \u00e0 <strong><a href=\"https:\/\/brasil.wordcamp.org\/2025\/patrocinadores\/\">todas as empresas que patrocinar\u00e3o o WordCamp Brasil 2025<\/a><\/strong>!<\/p>\n\n\n\n<p><strong>O WordCamp Brasil 2025<\/strong> ocorrer\u00e1 nos dias 28 e 29 de novembro de 2025 na cidade do Rio de Janeiro, Brasil. O evento acontecer\u00e1 na Universidade Estadual do Rio de Janeiro (UERJ), no bairro Maracan\u00e3, e reunir\u00e1 participantes de diferentes regi\u00f5es para palestras e debates sobre as inova\u00e7\u00f5es e tend\u00eancias mais recentes da comunidade global de WordPress. Ser\u00e3o dois dias de evento, sendo o primeiro o <strong>Dia da Colabora\u00e7\u00e3o<\/strong> e o segundo dedicado \u00e0s palestras principais.<\/p>\n\n\n\n<p>Sem patrocinadores, o <strong>WordCamp Brasil<\/strong> n\u00e3o seria acess\u00edvel \u00e0 grande maioria da comunidade WordPress. Um ingresso oferece dois dias inteiros para que participantes aprendam com palestrantes, fa\u00e7am networking e contribuam para o projeto de c\u00f3digo aberto do WordPress.<\/p>\n\n\n\n<p>Ao patrocinar o <strong>WordCamp Brasil<\/strong>, voc\u00ea ajuda a promover a miss\u00e3o do projeto de democratizar a publica\u00e7\u00e3o por meio de um software de c\u00f3digo aberto.<\/p>\n\n\n\n<div class=\"wp-block-buttons is-content-justification-center is-layout-flex wp-container-core-buttons-is-layout-a89b3969 wp-block-buttons-is-layout-flex\">\n<div class=\"wp-block-button\"><a class=\"wp-block-button__link wp-element-button\" href=\"https:\/\/docs.google.com\/presentation\/d\/e\/2PACX-1vSCfS_x2gKbRyVfdMxChT-CDF6jjji5g_D2QMCOdo46LIZmT3eekA-MGWAk2eSFt-Du9kQFX_xoeAG9\/pub?start=false&amp;loop=false&amp;delayms=3000\">M\u00eddia Kit (Portugu\u00eas)<\/a><\/div>\n\n\n\n<div class=\"wp-block-button\"><a class=\"wp-block-button__link wp-element-button\" href=\"https:\/\/docs.google.com\/presentation\/d\/e\/2PACX-1vT2He9GqCP9raqs-f1P9yoRDByKUPouFLn8ztimw5dJwdUBPbbiU7zI1aAumderLrigfS5_JRSlZIGK\/pub?start=false&amp;loop=false&amp;delayms=3000\">Media Kit (English)<\/a><\/div>\n\n\n\n<div class=\"wp-block-button is-style-fill\"><a class=\"wp-block-button__link wp-element-button\" href=\"#quero-patrocinar\">Quero patrocinar<\/a><\/div>\n<\/div>\n\n\n\n<h2 class=\"wp-block-heading\">Por que se tornar um patrocinador?<\/h2>\n\n\n\n<p>Ao se tornar um patrocinador do WordCamp Brasil 2025, voc\u00ea n\u00e3o s\u00f3 promove sua marca para um p\u00fablico altamente engajado, mas tamb\u00e9m apoia a colabora\u00e7\u00e3o, cultura e neg\u00f3cios.<\/p>\n\n\n\n<div class=\"wp-block-columns is-layout-flex wp-container-core-columns-is-layout-28f84493 wp-block-columns-is-layout-flex\">\n<div class=\"wp-block-column is-layout-flow wp-block-column-is-layout-flow\" style=\"flex-basis:50%\">\n<p><strong>Visibilidade para sua marca<\/strong><br>Tenha seu logotipo em destaque em todos os materiais promocionais e nos espa\u00e7os do evento. Alcance um p\u00fablico qualificado e apaixonado por tecnologia.<\/p>\n<\/div>\n\n\n\n<div class=\"wp-block-column is-layout-flow wp-block-column-is-layout-flow\" style=\"flex-basis:50%\">\n<p><strong>Oportunidades de networking<\/strong><br>Conecte-se com outros patrocinadores, palestrantes e participantes. Forme parcerias estrat\u00e9gicas e expanda sua rede de contatos.<\/p>\n<\/div>\n<\/div>\n\n\n\n<div class=\"wp-block-columns is-layout-flex wp-container-core-columns-is-layout-28f84493 wp-block-columns-is-layout-flex\">\n<div class=\"wp-block-column is-layout-flow wp-block-column-is-layout-flow\" style=\"flex-basis:50%\">\n<p><strong>Apoie a inova\u00e7\u00e3o<\/strong><br>Ajude a proporcionar um evento de alta qualidade, repleto de palestras e workshops com especialistas, promovendo o crescimento profissional e a inova\u00e7\u00e3o.<\/p>\n<\/div>\n\n\n\n<div class=\"wp-block-column is-layout-flow wp-block-column-is-layout-flow\" style=\"flex-basis:50%\">\n<p><strong>Ambiente inclusivo<\/strong><br>Contribua para um evento que oferece servi\u00e7os como creche, permitindo que todos possam participar plenamente e sem preocupa\u00e7\u00f5es.<\/p>\n<\/div>\n<\/div>\n\n\n\n<h2 class=\"wp-block-heading\" id=\"quero-patrocinar\">Quero patrocinar<\/h2>\n\n\n\n<p><em>As incri\u00e7\u00f5es para patroc\u00ednio foram encerradas, mas fique \u00e0 vontade <a href=\"https:\/\/brasil.wordcamp.org\/2025\/contato\/\">para entrar em contato<\/a> caso tenha d\u00favidas.<\/em><\/p>\n<\/div>\n","protected":false},"excerpt":{"rendered":"<p>O formul\u00e1rio para patroc\u00ednios foi encerrado. Nossos mais sinceros agradecimentos \u00e0 todas as empresas que patrocinar\u00e3o o WordCamp Brasil 2025! O WordCamp Brasil 2025 ocorrer\u00e1 nos dias 28 e 29 de novembro de 2025 na cidade do Rio de Janeiro, Brasil. O evento acontecer\u00e1 na Universidade Estadual do Rio de Janeiro (UERJ), no bairro Maracan\u00e3, [&hellip;]<\/p>\n","protected":false},"author":13917967,"featured_media":1637,"parent":0,"menu_order":8,"comment_status":"closed","ping_status":"closed","template":"t-tulo-com-hero","meta":{"advanced_seo_description":"","jetpack_seo_html_title":"","jetpack_seo_noindex":false,"jetpack_post_was_ever_published":false,"footnotes":""},"class_list":["post-1550","page","type-page","status-publish","has-post-thumbnail","hentry"],"jetpack_sharing_enabled":true,"_links":{"self":[{"href":"https:\/\/brasil.wordcamp.org\/2025\/wp-json\/wp\/v2\/pages\/1550","targetHints":{"allow":["GET"]}}],"collection":[{"href":"https:\/\/brasil.wordcamp.org\/2025\/wp-json\/wp\/v2\/pages"}],"about":[{"href":"https:\/\/brasil.wordcamp.org\/2025\/wp-json\/wp\/v2\/types\/page"}],"author":[{"embeddable":true,"href":"https:\/\/brasil.wordcamp.org\/2025\/wp-json\/wp\/v2\/users\/13917967"}],"replies":[{"embeddable":true,"href":"https:\/\/brasil.wordcamp.org\/2025\/wp-json\/wp\/v2\/comments?post=1550"}],"version-history":[{"count":47,"href":"https:\/\/brasil.wordcamp.org\/2025\/wp-json\/wp\/v2\/pages\/1550\/revisions"}],"predecessor-version":[{"id":3502,"href":"https:\/\/brasil.wordcamp.org\/2025\/wp-json\/wp\/v2\/pages\/1550\/revisions\/3502"}],"wp:featuredmedia":[{"embeddable":true,"href":"https:\/\/brasil.wordcamp.org\/2025\/wp-json\/wp\/v2\/media\/1637"}],"wp:attachment":[{"href":"https:\/\/brasil.wordcamp.org\/2025\/wp-json\/wp\/v2\/media?parent=1550"}],"curies":[{"name":"wp","href":"https:\/\/api.w.org\/{rel}","templated":true}]}}