{"id":1879,"date":"2025-09-30T20:27:41","date_gmt":"2025-09-30T23:27:41","guid":{"rendered":"https:\/\/brasil.wordcamp.org\/2025\/?page_id=1879"},"modified":"2025-11-28T08:56:20","modified_gmt":"2025-11-28T11:56:20","slug":"wordcamp-o-evento","status":"publish","type":"page","link":"https:\/\/brasil.wordcamp.org\/2025\/wordcamp-o-evento\/","title":{"rendered":"WordCamp &#8211; O Evento"},"content":{"rendered":"\n<div class=\"wp-block-group alignfull is-style-section-3 has-global-padding is-layout-constrained wp-block-group-is-layout-constrained is-style-section-3--1\">\n<div class=\"wp-block-columns alignwide are-vertically-aligned-center is-layout-flex wp-container-core-columns-is-layout-87beb0d0 wp-block-columns-is-layout-flex\">\n<div class=\"wp-block-column is-vertically-aligned-center is-layout-flow wp-block-column-is-layout-flow\">\n<h2 class=\"wp-block-heading is-style-text-display has-accent-5-color has-text-color has-link-color has-x-large-font-size wp-elements-952aebcc6f28a6ea77571b85196019df is-style-text-display--2\">wordcamp brasil: compartilhando conhecimento desde 2009<\/h2>\n\n\n\n<p>O WordCamp possui uma longa hist\u00f3ria no Brasil, que j\u00e1 acumula 16 anos. De l\u00e1 para c\u00e1 muitos eventos aconteceram e voc\u00ea pode conferir um pouco sobre cada um deles logo abaixo. Vamos rever a hist\u00f3ria da nossa comunidade?<\/p>\n<\/div>\n\n\n\n<div class=\"wp-block-column is-vertically-aligned-center is-layout-flow wp-block-column-is-layout-flow\" style=\"flex-basis:49%\">\n<figure class=\"wp-block-image size-large is-style-rounded is-style-rounded--3\"><img loading=\"lazy\" decoding=\"async\" width=\"1024\" height=\"686\" src=\"https:\/\/brasil.wordcamp.org\/2025\/files\/2025\/09\/predio-uerj-fachada-1024x686.webp\" alt=\"UERJ Maracan\u00e3\" class=\"wp-image-1395\" srcset=\"https:\/\/brasil.wordcamp.org\/2025\/files\/2025\/09\/predio-uerj-fachada-1024x686.webp 1024w, https:\/\/brasil.wordcamp.org\/2025\/files\/2025\/09\/predio-uerj-fachada-300x201.webp 300w, https:\/\/brasil.wordcamp.org\/2025\/files\/2025\/09\/predio-uerj-fachada-768x514.webp 768w, https:\/\/brasil.wordcamp.org\/2025\/files\/2025\/09\/predio-uerj-fachada-448x300.webp 448w, https:\/\/brasil.wordcamp.org\/2025\/files\/2025\/09\/predio-uerj-fachada.webp 1280w\" sizes=\"auto, (max-width: 1024px) 100vw, 1024px\" \/><\/figure>\n<\/div>\n<\/div>\n<\/div>\n\n\n\n<div class=\"wp-block-group alignfull is-style-section-2 como-chegar has-global-padding is-layout-constrained wp-block-group-is-layout-constrained is-style-section-2--4\" id=\"como-chegar\">\n<div class=\"wp-block-columns alignwide is-layout-flex wp-container-core-columns-is-layout-28f84493 wp-block-columns-is-layout-flex\">\n<div class=\"wp-block-column is-layout-flow wp-block-column-is-layout-flow\">\n<figure class=\"wp-block-image size-large is-style-rounded is-style-rounded--5\"><a href=\"https:\/\/www.google.com\/maps\/place\/Universidade+do+Estado+do+Rio+de+Janeiro\/@-22.9111739,-43.2361323,17z\/data=!3m1!4b1!4m6!3m5!1s0x997e66c5f330ad:0x874ed5a98cf472d1!8m2!3d-22.9111739!4d-43.2361323!16s%2Fm%2F02qxyx_?entry=ttu&amp;g_ep=EgoyMDI1MDkxMC4wIKXMDSoASAFQAw%3D%3D\"><img loading=\"lazy\" decoding=\"async\" width=\"1024\" height=\"671\" src=\"https:\/\/brasil.wordcamp.org\/2025\/files\/2025\/09\/image-1024x671.png\" alt=\"Mapa da UERJ\" class=\"wp-image-1396\" srcset=\"https:\/\/brasil.wordcamp.org\/2025\/files\/2025\/09\/image-1024x671.png 1024w, https:\/\/brasil.wordcamp.org\/2025\/files\/2025\/09\/image-300x197.png 300w, https:\/\/brasil.wordcamp.org\/2025\/files\/2025\/09\/image-768x503.png 768w, https:\/\/brasil.wordcamp.org\/2025\/files\/2025\/09\/image-458x300.png 458w, https:\/\/brasil.wordcamp.org\/2025\/files\/2025\/09\/image.png 1074w\" sizes=\"auto, (max-width: 1024px) 100vw, 1024px\" \/><\/a><\/figure>\n\n\n\n<p class=\"icone local\">Rua S\u00e3o Francisco Xavier, 524 &#8211; Maracan\u00e3, Rio de Janeiro<br>RJ, Rio de Janeiro CEP 20550-900<br>Pr\u00e9dio principal &#8211; Pavilh\u00e3o Jo\u00e3o Lyra Filho &#8211; 7\u00b0 Andar<\/p>\n<\/div>\n\n\n\n<div class=\"wp-block-column is-layout-flow wp-block-column-is-layout-flow\">\n<h2 class=\"wp-block-heading\">Como chegar<\/h2>\n\n\n\n<h2 class=\"wp-block-heading icone metro has-accent-3-color has-text-color has-link-color has-medium-font-size wp-elements-f4d11b1968e38541dbdedd4a6c989069\">Metr\u00f4 \/ Trem<\/h2>\n\n\n\n<p>Para chegar \u00e0 UERJ de metr\u00f4, voc\u00ea deve&nbsp;pegar a <strong>Linha 2 <\/strong>e descer na Esta\u00e7\u00e3o Maracan\u00e3, que \u00e9 a esta\u00e7\u00e3o de metr\u00f4 mais pr\u00f3xima ao campus da universidade.&nbsp;Ao sair da esta\u00e7\u00e3o, atravesse a passarela sobre a Avenida Radial Oeste e siga as placas para a UERJ.&nbsp;<\/p>\n\n\n\n<h2 class=\"wp-block-heading icone onibus has-accent-3-color has-text-color has-link-color has-medium-font-size wp-elements-9cb2b35644423fa41f8b05156522365d\">\u00d4nibus<\/h2>\n\n\n\n<p>Pegue linhas que passem pela Rua S\u00e3o Francisco Xavier ou pelas Avenidas Vinte e Oito de Setembro ou Professor Manoel de Abreu, e des\u00e7a em um ponto pr\u00f3ximo ao campus.<\/p>\n\n\n\n<h2 class=\"wp-block-heading icone taxi has-accent-3-color has-text-color has-link-color has-medium-font-size wp-elements-52bacaea6462cb991b09dff4d6a7896d\">Carro \/ Moto \/ Uber \/ T\u00e1xi<\/h2>\n\n\n\n<p>Aqui n\u00e3o tem mist\u00e9rio, s\u00f3 colocar o endere\u00e7o da UERJ e descer perto do Port\u00e3o 5 (entrada principal).<\/p>\n\n\n\n<div class=\"wp-block-buttons is-layout-flex wp-block-buttons-is-layout-flex\">\n<div class=\"wp-block-button\"><a class=\"wp-block-button__link has-border-color has-custom-verde-escuro-border-color wp-element-button\" href=\"https:\/\/brasil.wordcamp.org\/2025\/noticias\/guia-local-do-rio-durante-o-wordcamp-brasil-2025\/\">Acesse o GUIA LOCAL<\/a><\/div>\n<\/div>\n<\/div>\n<\/div>\n<\/div>\n\n\n\n<div class=\"wp-block-group alignfull is-style-section-1 onde-se-hospedar has-global-padding is-layout-constrained wp-block-group-is-layout-constrained is-style-section-1--6\" style=\"margin-top:0;margin-bottom:0\">\n<div class=\"wp-block-columns alignwide are-vertically-aligned-center is-layout-flex wp-container-core-columns-is-layout-28f84493 wp-block-columns-is-layout-flex\">\n<div class=\"wp-block-column is-vertically-aligned-center is-layout-flow wp-block-column-is-layout-flow\">\n<h2 class=\"wp-block-heading is-style-default has-accent-5-color has-text-color has-link-color wp-elements-33aea5679cf2229ada9dcb1ec7fd0b99\" style=\"text-transform:uppercase\">onde se hospedar<\/h2>\n\n\n\n<p class=\"has-medium-font-size\">O local do evento fica no entorno do bairro da Tijuca. Uma boa op\u00e7\u00e3o de acomoda\u00e7\u00e3o pode envolver uma consulta no AirBNB. Confira na imagem ao lado um link de consulta para as datas do dia do evento.<\/p>\n<\/div>\n\n\n\n<div class=\"wp-block-column is-vertically-aligned-center is-layout-flow wp-block-column-is-layout-flow\">\n<figure class=\"wp-block-image size-full is-style-rounded is-style-rounded--7\"><a href=\"https:\/\/www.airbnb.com.br\/s\/Tijuca--Rio-de-Janeiro-~-RJ\/homes?refinement_paths%5B%5D=%2Fhomes&amp;place_id=ChIJzdr7Sxt-mQARGBb529c4TUo&amp;location_bb=wbdNg8Is2OrBt5tKwi0YXQ%3D%3D&amp;acp_id=26ee6842-5ef8-459e-93d2-62d2c29a01cb&amp;date_picker_type=calendar&amp;checkin=2025-11-28&amp;checkout=2025-11-29&amp;source=structured_search_input_header&amp;search_type=autocomplete_click\" target=\"_blank\" rel=\" noreferrer noopener\"><img loading=\"lazy\" decoding=\"async\" width=\"560\" height=\"420\" src=\"https:\/\/brasil.wordcamp.org\/2025\/files\/2025\/09\/airbnb-maps-tijuca.webp\" alt=\"Air BnB na Tijuca\" class=\"wp-image-1895\" srcset=\"https:\/\/brasil.wordcamp.org\/2025\/files\/2025\/09\/airbnb-maps-tijuca.webp 560w, https:\/\/brasil.wordcamp.org\/2025\/files\/2025\/09\/airbnb-maps-tijuca-300x225.webp 300w, https:\/\/brasil.wordcamp.org\/2025\/files\/2025\/09\/airbnb-maps-tijuca-400x300.webp 400w\" sizes=\"auto, (max-width: 560px) 100vw, 560px\" \/><\/a><\/figure>\n<\/div>\n<\/div>\n<\/div>\n\n\n\n<div class=\"wp-block-group alignfull is-style-section-4 onde-comer has-global-padding is-layout-constrained wp-block-group-is-layout-constrained is-style-section-4--8\">\n<div class=\"wp-block-columns alignwide are-vertically-aligned-center is-layout-flex wp-container-core-columns-is-layout-28f84493 wp-block-columns-is-layout-flex\">\n<div class=\"wp-block-column is-vertically-aligned-center is-layout-flow wp-block-column-is-layout-flow\">\n<figure class=\"wp-block-image size-full is-style-rounded is-style-rounded--9\"><img loading=\"lazy\" decoding=\"async\" width=\"544\" height=\"800\" src=\"https:\/\/brasil.wordcamp.org\/2025\/files\/2025\/11\/mapa-uerj.webp\" alt=\"Mapa da UERJ\" class=\"wp-image-3482\" srcset=\"https:\/\/brasil.wordcamp.org\/2025\/files\/2025\/11\/mapa-uerj.webp 544w, https:\/\/brasil.wordcamp.org\/2025\/files\/2025\/11\/mapa-uerj-204x300.webp 204w\" sizes=\"auto, (max-width: 544px) 100vw, 544px\" \/><\/figure>\n<\/div>\n\n\n\n<div class=\"wp-block-column is-vertically-aligned-center is-layout-flow wp-block-column-is-layout-flow\">\n<h2 class=\"wp-block-heading has-xx-large-font-size\" style=\"text-transform:uppercase\">Onde comer<\/h2>\n\n\n\n<p>Para garantir que voc\u00ea possa aproveitar ao m\u00e1ximo o evento, o <strong>WordCamp Brasil 2025 inclui as refei\u00e7\u00f5es<\/strong>!<\/p>\n\n\n\n<ul class=\"wp-block-list\">\n<li><strong>Almo\u00e7o:<\/strong> O almo\u00e7o ser\u00e1 servido no <strong>Restaurante Universit\u00e1rio da UERJ<\/strong>, que fica bem pertinho do local das palestras.<\/li>\n\n\n\n<li><strong>Coffee Breaks:<\/strong> Teremos <strong>coffee breaks<\/strong> deliciosos dispon\u00edveis durante todo o evento, localizados no <strong>pr\u00f3prio andar<\/strong> onde ocorrer\u00e3o as atividades, para que voc\u00ea n\u00e3o perca nada!<\/li>\n<\/ul>\n\n\n\n<p>Assim, voc\u00ea n\u00e3o precisa se preocupar em sair para almo\u00e7ar e pode recarregar as energias com lanches r\u00e1pidos entre as sess\u00f5es.<\/p>\n<\/div>\n<\/div>\n<\/div>\n","protected":false},"excerpt":{"rendered":"<p>wordcamp brasil: compartilhando conhecimento desde 2009 O WordCamp possui uma longa hist\u00f3ria no Brasil, que j\u00e1 acumula 16 anos. De l\u00e1 para c\u00e1 muitos eventos aconteceram e voc\u00ea pode conferir um pouco sobre cada um deles logo abaixo. Vamos rever a hist\u00f3ria da nossa comunidade? Rua S\u00e3o Francisco Xavier, 524 &#8211; Maracan\u00e3, Rio de JaneiroRJ, [&hellip;]<\/p>\n","protected":false},"author":13917967,"featured_media":1880,"parent":0,"menu_order":2,"comment_status":"closed","ping_status":"closed","template":"t-tulo-com-hero","meta":{"advanced_seo_description":"","jetpack_seo_html_title":"","jetpack_seo_noindex":false,"jetpack_post_was_ever_published":false,"footnotes":""},"class_list":["post-1879","page","type-page","status-publish","has-post-thumbnail","hentry"],"jetpack_sharing_enabled":true,"_links":{"self":[{"href":"https:\/\/brasil.wordcamp.org\/2025\/wp-json\/wp\/v2\/pages\/1879","targetHints":{"allow":["GET"]}}],"collection":[{"href":"https:\/\/brasil.wordcamp.org\/2025\/wp-json\/wp\/v2\/pages"}],"about":[{"href":"https:\/\/brasil.wordcamp.org\/2025\/wp-json\/wp\/v2\/types\/page"}],"author":[{"embeddable":true,"href":"https:\/\/brasil.wordcamp.org\/2025\/wp-json\/wp\/v2\/users\/13917967"}],"replies":[{"embeddable":true,"href":"https:\/\/brasil.wordcamp.org\/2025\/wp-json\/wp\/v2\/comments?post=1879"}],"version-history":[{"count":33,"href":"https:\/\/brasil.wordcamp.org\/2025\/wp-json\/wp\/v2\/pages\/1879\/revisions"}],"predecessor-version":[{"id":3839,"href":"https:\/\/brasil.wordcamp.org\/2025\/wp-json\/wp\/v2\/pages\/1879\/revisions\/3839"}],"wp:featuredmedia":[{"embeddable":true,"href":"https:\/\/brasil.wordcamp.org\/2025\/wp-json\/wp\/v2\/media\/1880"}],"wp:attachment":[{"href":"https:\/\/brasil.wordcamp.org\/2025\/wp-json\/wp\/v2\/media?parent=1879"}],"curies":[{"name":"wp","href":"https:\/\/api.w.org\/{rel}","templated":true}]}}