{"id":20,"date":"2025-05-31T15:30:53","date_gmt":"2025-05-31T18:30:53","guid":{"rendered":"https:\/\/brasil.wordcamp.org\/2025\/code-of-conduct\/"},"modified":"2025-10-29T13:28:35","modified_gmt":"2025-10-29T16:28:35","slug":"codigo-conduta","status":"publish","type":"page","link":"https:\/\/brasil.wordcamp.org\/2025\/codigo-conduta\/","title":{"rendered":"C\u00f3digo de conduta"},"content":{"rendered":"\n<div class=\"wp-block-group alignfull is-style-section-1 has-global-padding is-layout-constrained wp-block-group-is-layout-constrained is-style-section-1--1\">\n<h2 class=\"wp-block-heading\">1. Prop\u00f3sito<\/h2>\n\n\n\n<p>N\u00f3s do&nbsp;<strong>WordCamp Brasil<\/strong>, seguindo a&nbsp;<strong>filosofia do c\u00f3digo aberto<\/strong>, acreditamos que a comunidade deve ser aberta e plural. Por essa raz\u00e3o, pretendemos oferecer um ambiente que seja&nbsp;<strong>amig\u00e1vel, seguro e acolhedor para todos<\/strong>, independente do sexo, orienta\u00e7\u00e3o sexual, defici\u00eancias f\u00edsicas, etnicidade, prefer\u00eancia religiosa, pol\u00edtica, futebol\u00edstica, tecnol\u00f3gica e etc. Contamos com a sua colabora\u00e7\u00e3o, enquanto participante do evento, para nos ajudar a atingir esse objetivo e proporcionar uma experi\u00eancia positiva para todos.<\/p>\n\n\n\n<h2 class=\"wp-block-heading\">2. Cidadania de c\u00f3digo aberto<\/h2>\n\n\n\n<p>Visando aumentar a<strong>&nbsp;cidadania de c\u00f3digo aberto<\/strong>, aceitaremos nomea\u00e7\u00f5es para&nbsp;<strong>cidad\u00e3os exemplares<\/strong>&nbsp;durante todo o&nbsp;<strong>WordCamp Brasil<\/strong>&nbsp;e iremos destacar estes participantes ap\u00f3s a confer\u00eancia no site do evento. Caso voc\u00ea conhe\u00e7a algu\u00e9m que esteja fazendo um esfor\u00e7o a mais para que nossa comunidade seja acolhedora e simp\u00e1tica, incentivando os participantes a contribuir ao m\u00e1ximo, n\u00f3s queremos saber. Voc\u00ea pode nomear algu\u00e9m na mesa de inscri\u00e7\u00e3o ou entrando em&nbsp;<a href=\"https:\/\/brasil.wordcamp.org\/2025\/contato\/\">contato<\/a>.<\/p>\n\n\n\n<h2 class=\"wp-block-heading\">3. Como agir<\/h2>\n\n\n\n<p>Aja de acordo com o&nbsp;<strong>esp\u00edrito do c\u00f3digo aberto<\/strong>:<\/p>\n\n\n\n<ul class=\"wp-block-list\">\n<li>Seja atencioso, respeitoso e colaborativo;<\/li>\n\n\n\n<li>Esteja atento ao seu entorno e aos demais participantes. Procure a equipe do evento caso note alguma situa\u00e7\u00e3o perigosa ou pessoa em perigo.<\/li>\n\n\n\n<li>Seja voc\u00ea. Colabore para tornar o&nbsp;<strong>WordCamp Brasil<\/strong>&nbsp;parte da sua hist\u00f3ria.<\/li>\n<\/ul>\n\n\n\n<h2 class=\"wp-block-heading\">4. Como n\u00e3o agir<\/h2>\n\n\n\n<p>A regra de ouro \u00e9:&nbsp;<strong>N\u00e3o fa\u00e7a com os outros o que n\u00e3o deseja para voc\u00ea.<\/strong>&nbsp;De qualquer modo vale sempre refor\u00e7ar:<\/p>\n\n\n\n<ul class=\"wp-block-list\">\n<li>N\u00e3o intimide, ofenda, abuse, discrimine, deprecie, assedie ou humilhe;<\/li>\n\n\n\n<li>N\u00e3o fa\u00e7a coment\u00e1rios ofensivos verbais relacionadas ao sexo, orienta\u00e7\u00e3o sexual, ra\u00e7a, religi\u00e3o, defici\u00eancias f\u00edsicas, uso inadequado de nudez e \/ ou imagens sexuais em espa\u00e7os p\u00fablicos (incluindo apresenta\u00e7\u00e3o de slides);<\/li>\n\n\n\n<li>Nada de ass\u00e9dio fotogr\u00e1fico ou grava\u00e7\u00e3o, cont\u00ednua interrup\u00e7\u00e3o de palestras ou oficinas;<\/li>\n\n\n\n<li>Nada de contato f\u00edsico inapropriado, ou aten\u00e7\u00e3o sexual indesejada.<\/li>\n<\/ul>\n\n\n\n<h2 class=\"wp-block-heading\">5. Consequ\u00eancias de um comportamento inaceit\u00e1vel<\/h2>\n\n\n\n<p>O comportamento inaceit\u00e1vel n\u00e3o ser\u00e1 tolerado no&nbsp;<strong>WordCamp Brasil<\/strong>. Quem for abordado por algum comportamento inaceit\u00e1vel&nbsp;<strong>dever\u00e1 interromp\u00ea-lo imediatamente.<\/strong>&nbsp;Se algum participante mostrar comportamento inaceit\u00e1vel, os organizadores da confer\u00eancia podem tomar qualquer a\u00e7\u00e3o que considerem ser adequadas, inclusive a&nbsp;<strong>expuls\u00e3o da confer\u00eancia, sem aviso ou reembolso.<\/strong><\/p>\n\n\n\n<h2 class=\"wp-block-heading\">6. Sofri ou testemunhei comportamento inaceit\u00e1vel, e agora?<\/h2>\n\n\n\n<p>Notifique um organizador da confer\u00eancia,&nbsp;<strong>o mais rapidamente poss\u00edvel.<\/strong>&nbsp;A equipe do&nbsp;<strong>WordCamp Brasil<\/strong>&nbsp;estar\u00e1 dispon\u00edvel para ajudar voc\u00ea a contatar a seguran\u00e7a local ou mesmo a pol\u00edcia, para escoltar, ou para ajudar de outra forma aqueles que estiverem sofrendo um comportamento inaceit\u00e1vel, para que desta forma sintam-se seguros durante o evento. Volunt\u00e1rios estar\u00e3o presentes durante o evento, e qualquer volunt\u00e1rio poder\u00e1 coloc\u00e1-lo em contato com um organizador da confer\u00eancia.<\/p>\n\n\n\n<h2 class=\"wp-block-heading\">7. Escopo<\/h2>\n\n\n\n<p>Esperamos que&nbsp;<strong>todos os participantes da confer\u00eancia<\/strong>&nbsp;respeitem este c\u00f3digo de conduta em todas as salas do evento e eventos sociais relacionados.<\/p>\n\n\n\n<h2 class=\"wp-block-heading\">8. Informa\u00e7\u00f5es para contato<\/h2>\n\n\n\n<p>Fale conosco pela nossa p\u00e1gina de&nbsp;<a href=\"https:\/\/brasil.wordcamp.org\/2025\/contato\/\">contato<\/a>.<\/p>\n\n\n\n<h2 class=\"wp-block-heading\">9. Licen\u00e7a e atribui\u00e7\u00e3o<\/h2>\n\n\n\n<p>Este C\u00f3digo de Conduta \u00e9 inspirado no trabalho incr\u00edvel da Open Source Bridge, mas substitu\u00eddo com as informa\u00e7\u00f5es do nosso evento. O original est\u00e1 dispon\u00edvel em&nbsp;<a href=\"http:\/\/opensourcebridge.org\/about\/code-of-conduct\/\" target=\"_blank\" rel=\"noreferrer noopener\">opensourcebridge.org<\/a>&nbsp;e \u00e9 distribu\u00eddo sob uma licen\u00e7a Creative Commons Attribution-ShareAlike license.<\/p>\n\n\n\n<h2 class=\"wp-block-heading\">10. Uso de imagem<\/h2>\n\n\n\n<p>Ao participar do WordCamp Brasil, entendo que partes do evento ser\u00e3o fotografadas e\/ou gravadas em \u00e1udio\/v\u00eddeo para uso pela WordPress Foundation. Concordo que a WordPress Foundation tem o direito e a permiss\u00e3o de usar e publicar esse material \u2014 que pode incluir meu nome, semelhan\u00e7a, voz, cidade\/estado de resid\u00eancia ou fotografia \u2014 para qualquer prop\u00f3sito, em qualquer formato, online (incluindo, mas n\u00e3o se limitando a, WordPress.tv e WordCamp.org) e\/ou offline, agora e no futuro, sem compensa\u00e7\u00e3o, permiss\u00e3o ou notifica\u00e7\u00e3o adicional. Entendo que todas as grava\u00e7\u00f5es oficiais do evento s\u00e3o propriedade exclusiva da Funda\u00e7\u00e3o WordPress, dispon\u00edveis sob a licen\u00e7a Creative Commons Atribui\u00e7\u00e3o-Compartilha Igual para uso geral, e n\u00e3o pe\u00e7o nem espero compensa\u00e7\u00e3o ou notifica\u00e7\u00e3o pelo uso das grava\u00e7\u00f5es ou fotografias oficiais nas quais eu apare\u00e7a&nbsp;ou&nbsp;fale.<\/p>\n\n\n\n<h2 class=\"wp-block-heading\">11. P\u00f3s-evento<\/h2>\n\n\n\n<p>A confraterniza\u00e7\u00e3o ap\u00f3s o evento \u00e9 uma excelente oportunidade para relaxar, fazer boas amizades e aprender. Tenha em mente que as regras desse c\u00f3digo de conduta ainda se aplicam.<\/p>\n\n\n\n<p>Caso voc\u00ea testemunhe uma viola\u00e7\u00e3o do c\u00f3digo de conduta, esteja preocupado com algo ou s\u00f3 queira tirar uma d\u00favida, afinal nem toda infra\u00e7\u00e3o \u00e9 \u00f3bvia, procure um organizador presente ou entre&nbsp;<a href=\"https:\/\/brasil.wordcamp.org\/2025\/contato\/\">em contato<\/a>.<\/p>\n\n\n\n<p>Caso precise de ajuda por n\u00e3o estar se sentindo confort\u00e1vel ou seguro com algo e precise ser removido de algum cen\u00e1rio de crise a equipe organizadora ir\u00e1 em seu aux\u00edlio de modo discreto e imediato. Alguns exemplos desse tipo de situa\u00e7\u00e3o podem incluir: mal estar, problemas com transporte, intoxica\u00e7\u00e3o, estar sozinho com algu\u00e9m que n\u00e3o \u00e9 de sua confian\u00e7a, sobrecarga, ter testemunhado ou sofrido com alguma infra\u00e7\u00e3o do c\u00f3digo de conduta. Em qualquer desses casos procure um volunt\u00e1rio ou organizador do evento.<\/p>\n<\/div>\n","protected":false},"excerpt":{"rendered":"<p>1. Prop\u00f3sito N\u00f3s do&nbsp;WordCamp Brasil, seguindo a&nbsp;filosofia do c\u00f3digo aberto, acreditamos que a comunidade deve ser aberta e plural. Por essa raz\u00e3o, pretendemos oferecer um ambiente que seja&nbsp;amig\u00e1vel, seguro e acolhedor para todos, independente do sexo, orienta\u00e7\u00e3o sexual, defici\u00eancias f\u00edsicas, etnicidade, prefer\u00eancia religiosa, pol\u00edtica, futebol\u00edstica, tecnol\u00f3gica e etc. Contamos com a sua colabora\u00e7\u00e3o, enquanto participante [&hellip;]<\/p>\n","protected":false},"author":6896930,"featured_media":2024,"parent":0,"menu_order":13,"comment_status":"closed","ping_status":"closed","template":"t-tulo-com-hero","meta":{"advanced_seo_description":"","jetpack_seo_html_title":"","jetpack_seo_noindex":false,"jetpack_post_was_ever_published":true,"footnotes":""},"class_list":["post-20","page","type-page","status-publish","has-post-thumbnail","hentry"],"jetpack_sharing_enabled":true,"_links":{"self":[{"href":"https:\/\/brasil.wordcamp.org\/2025\/wp-json\/wp\/v2\/pages\/20","targetHints":{"allow":["GET"]}}],"collection":[{"href":"https:\/\/brasil.wordcamp.org\/2025\/wp-json\/wp\/v2\/pages"}],"about":[{"href":"https:\/\/brasil.wordcamp.org\/2025\/wp-json\/wp\/v2\/types\/page"}],"author":[{"embeddable":true,"href":"https:\/\/brasil.wordcamp.org\/2025\/wp-json\/wp\/v2\/users\/6896930"}],"replies":[{"embeddable":true,"href":"https:\/\/brasil.wordcamp.org\/2025\/wp-json\/wp\/v2\/comments?post=20"}],"version-history":[{"count":9,"href":"https:\/\/brasil.wordcamp.org\/2025\/wp-json\/wp\/v2\/pages\/20\/revisions"}],"predecessor-version":[{"id":2530,"href":"https:\/\/brasil.wordcamp.org\/2025\/wp-json\/wp\/v2\/pages\/20\/revisions\/2530"}],"wp:featuredmedia":[{"embeddable":true,"href":"https:\/\/brasil.wordcamp.org\/2025\/wp-json\/wp\/v2\/media\/2024"}],"wp:attachment":[{"href":"https:\/\/brasil.wordcamp.org\/2025\/wp-json\/wp\/v2\/media?parent=20"}],"curies":[{"name":"wp","href":"https:\/\/api.w.org\/{rel}","templated":true}]}}