{"id":7,"date":"2025-05-31T15:30:53","date_gmt":"2025-05-31T18:30:53","guid":{"rendered":"https:\/\/brasil.wordcamp.org\/2025\/schedule\/"},"modified":"2025-11-25T20:55:55","modified_gmt":"2025-11-25T23:55:55","slug":"programacao","status":"publish","type":"page","link":"https:\/\/brasil.wordcamp.org\/2025\/programacao\/","title":{"rendered":"Programa\u00e7\u00e3o"},"content":{"rendered":"\n<div class=\"wp-block-group alignwide is-style-section-3 has-global-padding is-layout-constrained wp-container-core-group-is-layout-aa90e5ca wp-block-group-is-layout-constrained is-style-section-3--1\" style=\"padding-right:0;padding-left:0\">\n<h2 class=\"wp-block-heading has-text-align-center icone-colaboracao has-text-color\" style=\"color:#00635e\">DIA DA COLABORA\u00c7\u00c3O <\/h2>\n\n\n\n<p class=\"has-text-align-center wp-block-paragraph\">Sexta-feira, 28 de novembro de 2025 \u2014 Das 12h \u00e0s 18h (<a href=\"https:\/\/brasil.wordcamp.org\/2025\/noticias\/dia-do-colaborador-no-wordcamp\/\" target=\"_blank\" rel=\"noreferrer noopener\">saiba mais<\/a>)<\/p>\n\n\n\n<p class=\"has-text-align-center has-medium-font-size wp-block-paragraph\"><em>CEPUERJ &#8211; Centro de Produ\u00e7\u00e3o da UERJ<\/em><\/p>\n\n\n\n<p class=\"has-text-align-center has-small-font-size wp-block-paragraph\"><em>(tamb\u00e9m conhecido como <a href=\"https:\/\/brasil.wordcamp.org\/2025\/noticias\/dia-do-colaborador-no-wordcamp\/\">Pr\u00e9dio dos Alunos<\/a>)<\/em><\/p>\n\n\n\n<div\n\tclass=\"wp-block-wordcamp-schedule alignwide is-loading\"\n\t\tdata-attributes=\"{&quot;__isStylesPreview&quot;:false,&quot;align&quot;:&quot;wide&quot;,&quot;chooseSpecificDays&quot;:true,&quot;chosenDays&quot;:[&quot;2025-11-28&quot;],&quot;chooseSpecificTracks&quot;:false,&quot;chosenTrackIds&quot;:[],&quot;showCategories&quot;:true,&quot;useClientTimezone&quot;:false,&quot;className&quot;:&quot;is-style-default dia-colaboracao&quot;}\"\n>\n\tCarregando&#8230;<\/div>\n\n\n\t<div class=\"email-form fav-session-email-form-hide\">\n\t\t<!-- Tab links -->\n\t\t<div class=\"fav-session-share-tab\">\n\t\t\t\t\t\t\t<div class=\"fav-session-tablinks\" id=\"fav-session-btn-email\">\n\t\t\t\t\tE-mail\t\t\t\t<\/div>\n\t\t\t\n\t\t\t<div class=\"fav-session-tablinks\" id=\"fav-session-btn-link\">\n\t\t\t\tLink\t\t\t<\/div>\n\n\t\t\t<div class=\"fav-session-tablinks\" id=\"fav-session-btn-print\">\n\t\t\t\tImprimir\t\t\t<\/div>\n\t\t<\/div>\n\n\t\t<!-- Tab content -->\n\t\t\t\t\t<div id=\"fav-session-tab-email\" class=\"fav-session-share-tabcontent\">\n\t\t\t\t<div id=\"fav-session-email-form\">\n\t\t\t\t\tEnvie-me minhas sess\u00f5es favoritas:\n\t\t\t\t\t<form id=\"fav-sessions-form\">\n\t\t\t\t\t\t<input\n\t\t\t\t\t\t\ttype=\"text\"\n\t\t\t\t\t\t\tname=\"email_address\"\n\t\t\t\t\t\t\tid=\"fav-sessions-email-address\"\n\t\t\t\t\t\t\tplaceholder=\"me@protonmail.com\"\n\t\t\t\t\t\t\/>\n\t\t\t\t\t\t<input type=\"submit\" value=\"Enviar\" \/>\n\t\t\t\t\t<\/form>\n\t\t\t\t<\/div>\n\n\t\t\t\t<div class=\"fav-session-email-wait-spinner\"><\/div>\n\t\t\t\t<div class=\"fav-session-email-result\"><\/div>\n\t\t\t<\/div>\n\t\t\n\t\t<div id=\"fav-session-tab-link\" class=\"fav-session-share-tabcontent\">\n\t\t\tLink compartilh\u00e1vel:\t\t\t<br \/>\n\t\t\t<a id=\"fav-sessions-link\" href=\"\"><\/a>\n\t\t<\/div>\n\n\t\t<div id=\"fav-session-tab-print\" class=\"fav-session-share-tabcontent\">\n\t\t\t<button id=\"fav-session-print\">\n\t\t\t\tImprimir sess\u00f5es favoritas\t\t\t<\/button>\n\t\t<\/div>\n\t<\/div>\n\n\t<a class=\"show-email-form\" href=\"javascript:\">\n\t\t<span class=\"dashicons dashicons-star-filled\"><\/span>\n\t\t<span class=\"dashicons dashicons-email-alt\"><\/span>\n\t<\/a>\n\n\t\n\n\n<div style=\"height:40px\" aria-hidden=\"true\" class=\"wp-block-spacer\"><\/div>\n\n\n\n<h2 class=\"wp-block-heading has-text-align-center has-text-color\" id=\"icone-palestras\" style=\"color:#f97316\">PALESTRAS<\/h2>\n\n\n\n<p class=\"has-text-align-center wp-block-paragraph\">S\u00e1bado, 29 de novembro de 2025 \u2014 Das 8:30h \u00e0s 18:50h<\/p>\n\n\n\n<p class=\"has-text-align-center wp-block-paragraph\"><em>Audit\u00f3rio do 7\u00ba andar &#8211; Pavilh\u00e3o Jo\u00e3o Lyra Filho<\/em><\/p>\n\n\n\n<p class=\"has-text-align-center has-small-font-size wp-block-paragraph\"><em>(o pavilh\u00e3o principal da UERJ)<\/em><\/p>\n\n\n\n<div\n\tclass=\"wp-block-wordcamp-schedule alignwide is-loading\"\n\t\tdata-attributes=\"{&quot;__isStylesPreview&quot;:false,&quot;align&quot;:&quot;wide&quot;,&quot;chooseSpecificDays&quot;:true,&quot;chosenDays&quot;:[&quot;2025-11-29&quot;],&quot;chooseSpecificTracks&quot;:false,&quot;chosenTrackIds&quot;:[],&quot;showCategories&quot;:true,&quot;useClientTimezone&quot;:true,&quot;className&quot;:&quot;is-style-default dia-evento&quot;}\"\n>\n\tCarregando&#8230;<\/div>\n\n<\/div>\n","protected":false},"excerpt":{"rendered":"<p>DIA DA COLABORA\u00c7\u00c3O Sexta-feira, 28 de novembro de 2025 \u2014 Das 12h \u00e0s 18h (saiba mais) CEPUERJ &#8211; Centro de Produ\u00e7\u00e3o da UERJ (tamb\u00e9m conhecido como Pr\u00e9dio dos Alunos) PALESTRAS S\u00e1bado, 29 de novembro de 2025 \u2014 Das 8:30h \u00e0s 18:50h Audit\u00f3rio do 7\u00ba andar &#8211; Pavilh\u00e3o Jo\u00e3o Lyra Filho (o pavilh\u00e3o principal da UERJ)<\/p>\n","protected":false},"author":6896930,"featured_media":1923,"parent":0,"menu_order":0,"comment_status":"closed","ping_status":"closed","template":"t-tulo-com-hero","meta":{"_crdt_document":"","advanced_seo_description":"","jetpack_seo_html_title":"","jetpack_seo_noindex":false,"jetpack_post_was_ever_published":true,"footnotes":""},"class_list":["post-7","page","type-page","status-publish","has-post-thumbnail","hentry"],"jetpack_sharing_enabled":true,"_links":{"self":[{"href":"https:\/\/brasil.wordcamp.org\/2025\/wp-json\/wp\/v2\/pages\/7","targetHints":{"allow":["GET"]}}],"collection":[{"href":"https:\/\/brasil.wordcamp.org\/2025\/wp-json\/wp\/v2\/pages"}],"about":[{"href":"https:\/\/brasil.wordcamp.org\/2025\/wp-json\/wp\/v2\/types\/page"}],"author":[{"embeddable":true,"href":"https:\/\/brasil.wordcamp.org\/2025\/wp-json\/wp\/v2\/users\/6896930"}],"replies":[{"embeddable":true,"href":"https:\/\/brasil.wordcamp.org\/2025\/wp-json\/wp\/v2\/comments?post=7"}],"version-history":[{"count":29,"href":"https:\/\/brasil.wordcamp.org\/2025\/wp-json\/wp\/v2\/pages\/7\/revisions"}],"predecessor-version":[{"id":3869,"href":"https:\/\/brasil.wordcamp.org\/2025\/wp-json\/wp\/v2\/pages\/7\/revisions\/3869"}],"wp:featuredmedia":[{"embeddable":true,"href":"https:\/\/brasil.wordcamp.org\/2025\/wp-json\/wp\/v2\/media\/1923"}],"wp:attachment":[{"href":"https:\/\/brasil.wordcamp.org\/2025\/wp-json\/wp\/v2\/media?parent=7"}],"curies":[{"name":"wp","href":"https:\/\/api.w.org\/{rel}","templated":true}]}}